{"id":1068,"date":"2020-04-16T14:53:49","date_gmt":"2020-04-16T12:53:49","guid":{"rendered":"http:\/\/preventer.fr\/?page_id=1068"},"modified":"2024-01-23T17:07:49","modified_gmt":"2024-01-23T16:07:49","slug":"nos-atouts","status":"publish","type":"page","link":"https:\/\/preventer.fr\/index.php\/nos-atouts\/","title":{"rendered":"Nos atouts"},"content":{"rendered":"\n<ul class=\"wp-block-list\">\n<li>Tous nos experts sont des IPRP (Intervenants en Pr\u00e9vention des Risques Professionnels) et\/ou formateurs qualifi\u00e9s et exp\u00e9riment\u00e9s sp\u00e9cialistes des risques professionnels dans divers secteurs d\u2019activit\u00e9s (industrie, transport, entretien et r\u00e9paration automobile, sites class\u00e9s Seveso, m\u00e9tallurgie\u2026)<\/li>\n\n\n\n<li>Veille r\u00e9glementaire pro-active<\/li>\n\n\n\n<li>\u0152il ext\u00e9rieur \/vision globale<\/li>\n\n\n\n<li>Autonomie \/ Flexibilit\u00e9&nbsp;\/ Planning adaptable<\/li>\n\n\n\n<li>Travail en temps partiel sur place ou \u00e0 distance<\/li>\n\n\n\n<li>Connaissance des r\u00e9f\u00e9rentiels d\u2019exigences (OHSAS 18001, MASE-UIC, ISO 14001, ISO 9001, ISO 45001, ISO 50001, ISO 26000)<\/li>\n<\/ul>\n\n\n\n<p><strong>&lt;Nos certifications&gt;<\/strong><\/p>\n\n\n\n<figure class=\"wp-block-image size-full\"><img loading=\"lazy\" decoding=\"async\" width=\"350\" height=\"230\" src=\"https:\/\/preventer.fr\/wp-content\/uploads\/2020\/04\/iprp.jpg\" alt=\"\" class=\"wp-image-735\" srcset=\"https:\/\/preventer.fr\/wp-content\/uploads\/2020\/04\/iprp.jpg 350w, https:\/\/preventer.fr\/wp-content\/uploads\/2020\/04\/iprp-300x197.jpg 300w, https:\/\/preventer.fr\/wp-content\/uploads\/2020\/04\/iprp-91x60.jpg 91w\" sizes=\"auto, (max-width: 350px) 100vw, 350px\" \/><\/figure>\n\n\n\n<div class=\"wp-block-columns is-layout-flex wp-container-core-columns-is-layout-9d6595d7 wp-block-columns-is-layout-flex\">\n<div class=\"wp-block-column is-layout-flow wp-block-column-is-layout-flow\" style=\"flex-basis:100%\">\n<figure class=\"wp-block-image size-full is-resized\"><img loading=\"lazy\" decoding=\"async\" width=\"299\" height=\"169\" src=\"https:\/\/preventer.fr\/wp-content\/uploads\/2020\/04\/carsat.png\" alt=\"\" class=\"wp-image-731\" style=\"width:299px;height:169px\" srcset=\"https:\/\/preventer.fr\/wp-content\/uploads\/2020\/04\/carsat.png 299w, https:\/\/preventer.fr\/wp-content\/uploads\/2020\/04\/carsat-106x60.png 106w\" sizes=\"auto, (max-width: 299px) 100vw, 299px\" \/><\/figure>\n<\/div>\n<\/div>\n\n\n\n<figure class=\"wp-block-image size-full\"><img loading=\"lazy\" decoding=\"async\" width=\"393\" height=\"424\" src=\"https:\/\/preventer.fr\/wp-content\/uploads\/2020\/04\/datadock.jpg\" alt=\"\" class=\"wp-image-732\" srcset=\"https:\/\/preventer.fr\/wp-content\/uploads\/2020\/04\/datadock.jpg 393w, https:\/\/preventer.fr\/wp-content\/uploads\/2020\/04\/datadock-278x300.jpg 278w, https:\/\/preventer.fr\/wp-content\/uploads\/2020\/04\/datadock-56x60.jpg 56w\" sizes=\"auto, (max-width: 393px) 100vw, 393px\" \/><\/figure>\n","protected":false},"excerpt":{"rendered":"<p>&lt;Nos certifications&gt;<\/p>\n","protected":false},"author":1,"featured_media":0,"parent":0,"menu_order":0,"comment_status":"closed","ping_status":"closed","template":"","meta":{"footnotes":""},"class_list":["post-1068","page","type-page","status-publish","hentry"],"jetpack_sharing_enabled":true,"_links":{"self":[{"href":"https:\/\/preventer.fr\/index.php\/wp-json\/wp\/v2\/pages\/1068","targetHints":{"allow":["GET"]}}],"collection":[{"href":"https:\/\/preventer.fr\/index.php\/wp-json\/wp\/v2\/pages"}],"about":[{"href":"https:\/\/preventer.fr\/index.php\/wp-json\/wp\/v2\/types\/page"}],"author":[{"embeddable":true,"href":"https:\/\/preventer.fr\/index.php\/wp-json\/wp\/v2\/users\/1"}],"replies":[{"embeddable":true,"href":"https:\/\/preventer.fr\/index.php\/wp-json\/wp\/v2\/comments?post=1068"}],"version-history":[{"count":15,"href":"https:\/\/preventer.fr\/index.php\/wp-json\/wp\/v2\/pages\/1068\/revisions"}],"predecessor-version":[{"id":2578,"href":"https:\/\/preventer.fr\/index.php\/wp-json\/wp\/v2\/pages\/1068\/revisions\/2578"}],"wp:attachment":[{"href":"https:\/\/preventer.fr\/index.php\/wp-json\/wp\/v2\/media?parent=1068"}],"curies":[{"name":"wp","href":"https:\/\/api.w.org\/{rel}","templated":true}]}}