{"id":1166,"date":"2020-04-21T12:01:45","date_gmt":"2020-04-21T10:01:45","guid":{"rendered":"http:\/\/preventer.fr\/?page_id=1166"},"modified":"2020-04-21T12:01:46","modified_gmt":"2020-04-21T10:01:46","slug":"ils-nous-font-confiance","status":"publish","type":"page","link":"https:\/\/preventer.fr\/index.php\/ils-nous-font-confiance\/","title":{"rendered":"Ils nous font confiance"},"content":{"rendered":"\n<p>Nos partenaires fid\u00e8les&nbsp;:<\/p>\n\n\n\n<ul class=\"wp-block-list\"><li><a href=\"https:\/\/www.lespiprevention.net\/\">Lespi Pr\u00e9vention<\/a><\/li><li><a href=\"http:\/\/www.aequalis-prevention.com\/\">Aequalis Pr\u00e9vention<\/a><\/li><li><a href=\"http:\/\/www.cfd-formation.fr\/\">CFD Formation<\/a><\/li><li><a href=\"https:\/\/www.atouts-plus.com\/fr-FR\/home\">Atouts+<\/a><\/li><\/ul>\n\n\n\n<p>Quelques r\u00e9f\u00e9rences :<\/p>\n\n\n\n<ul class=\"wp-block-list\"><li>Tignol B\u00e9ton, Pons B\u00e2timent, Carrosserie Frayssinet<\/li><li>Le groupe Les Mousquetaires, IRP Auto, Missions locales de Toulouse<\/li><\/ul>\n","protected":false},"excerpt":{"rendered":"<p>Nos partenaires fid\u00e8les&nbsp;: Lespi Pr\u00e9vention Aequalis Pr\u00e9vention CFD Formation Atouts+ Quelques r\u00e9f\u00e9rences : Tignol B\u00e9ton, Pons B\u00e2timent, Carrosserie Frayssinet Le groupe Les Mousquetaires, IRP Auto, Missions locales de Toulouse<\/p>\n","protected":false},"author":1,"featured_media":0,"parent":0,"menu_order":0,"comment_status":"closed","ping_status":"closed","template":"","meta":{"footnotes":""},"class_list":["post-1166","page","type-page","status-publish","hentry"],"jetpack_sharing_enabled":true,"_links":{"self":[{"href":"https:\/\/preventer.fr\/index.php\/wp-json\/wp\/v2\/pages\/1166","targetHints":{"allow":["GET"]}}],"collection":[{"href":"https:\/\/preventer.fr\/index.php\/wp-json\/wp\/v2\/pages"}],"about":[{"href":"https:\/\/preventer.fr\/index.php\/wp-json\/wp\/v2\/types\/page"}],"author":[{"embeddable":true,"href":"https:\/\/preventer.fr\/index.php\/wp-json\/wp\/v2\/users\/1"}],"replies":[{"embeddable":true,"href":"https:\/\/preventer.fr\/index.php\/wp-json\/wp\/v2\/comments?post=1166"}],"version-history":[{"count":1,"href":"https:\/\/preventer.fr\/index.php\/wp-json\/wp\/v2\/pages\/1166\/revisions"}],"predecessor-version":[{"id":1167,"href":"https:\/\/preventer.fr\/index.php\/wp-json\/wp\/v2\/pages\/1166\/revisions\/1167"}],"wp:attachment":[{"href":"https:\/\/preventer.fr\/index.php\/wp-json\/wp\/v2\/media?parent=1166"}],"curies":[{"name":"wp","href":"https:\/\/api.w.org\/{rel}","templated":true}]}}