{"id":1985,"date":"2022-04-11T23:44:55","date_gmt":"2022-04-11T21:44:55","guid":{"rendered":"http:\/\/preventer.fr\/?page_id=1985"},"modified":"2023-04-21T11:12:30","modified_gmt":"2023-04-21T09:12:30","slug":"qui-sommes-nous","status":"publish","type":"page","link":"https:\/\/preventer.fr\/index.php\/qui-sommes-nous\/","title":{"rendered":"Qui sommes-nous ?"},"content":{"rendered":"\n<p>Preventer c&rsquo;est Laurent LEIGNEL qui vous accompagne avec son r\u00e9seau d&rsquo;experts (IPRP, juristes, avocats, consultants&#8230;) et de formateurs comp\u00e9tents dans les domaines li\u00e9s \u00e0 la pr\u00e9vention des risques professionnels, \u00e0 la gestion de la sant\u00e9 au travail. Aussi dans des domaines touchant \u00e0 l&rsquo;organisation de l&rsquo;entreprise (Relations Humaines, Management, comptabilit\u00e9, direction des affaires financi\u00e8res&#8230;) ou encore d&rsquo;autres domaines supports dans l&rsquo;entreprise<\/p>\n","protected":false},"excerpt":{"rendered":"<p>Preventer c&rsquo;est Laurent LEIGNEL qui vous accompagne avec son r\u00e9seau d&rsquo;experts (IPRP, juristes, avocats, consultants&#8230;) et de formateurs comp\u00e9tents dans les domaines li\u00e9s \u00e0 la pr\u00e9vention des risques professionnels, \u00e0 la gestion de la sant\u00e9<span class=\"more-button\"><a href=\"https:\/\/preventer.fr\/index.php\/qui-sommes-nous\/\" class=\"more-link\">Lire la suite<span class=\"screen-reader-text\">Qui sommes-nous ?<\/span><i class=\"fa fa-angle-right\" aria-hidden=\"true\"><\/i><\/a><\/span><\/p>\n","protected":false},"author":1,"featured_media":0,"parent":0,"menu_order":0,"comment_status":"closed","ping_status":"closed","template":"","meta":{"footnotes":""},"class_list":["post-1985","page","type-page","status-publish","hentry"],"jetpack_sharing_enabled":true,"_links":{"self":[{"href":"https:\/\/preventer.fr\/index.php\/wp-json\/wp\/v2\/pages\/1985","targetHints":{"allow":["GET"]}}],"collection":[{"href":"https:\/\/preventer.fr\/index.php\/wp-json\/wp\/v2\/pages"}],"about":[{"href":"https:\/\/preventer.fr\/index.php\/wp-json\/wp\/v2\/types\/page"}],"author":[{"embeddable":true,"href":"https:\/\/preventer.fr\/index.php\/wp-json\/wp\/v2\/users\/1"}],"replies":[{"embeddable":true,"href":"https:\/\/preventer.fr\/index.php\/wp-json\/wp\/v2\/comments?post=1985"}],"version-history":[{"count":2,"href":"https:\/\/preventer.fr\/index.php\/wp-json\/wp\/v2\/pages\/1985\/revisions"}],"predecessor-version":[{"id":2288,"href":"https:\/\/preventer.fr\/index.php\/wp-json\/wp\/v2\/pages\/1985\/revisions\/2288"}],"wp:attachment":[{"href":"https:\/\/preventer.fr\/index.php\/wp-json\/wp\/v2\/media?parent=1985"}],"curies":[{"name":"wp","href":"https:\/\/api.w.org\/{rel}","templated":true}]}}