{"id":1988,"date":"2022-04-11T23:48:26","date_gmt":"2022-04-11T21:48:26","guid":{"rendered":"http:\/\/preventer.fr\/?page_id=1988"},"modified":"2023-04-21T12:02:39","modified_gmt":"2023-04-21T10:02:39","slug":"services","status":"publish","type":"page","link":"https:\/\/preventer.fr\/index.php\/services\/","title":{"rendered":"Services"},"content":{"rendered":"\n<h3 class=\"wp-block-heading\">Notre fa\u00e7on de travailler&nbsp;:<\/h3>\n\n\n\n<p>Une approche \u00e0 visage humain aupr\u00e8s du chef d\u2019entreprise ou de son mandataire, de mani\u00e8re \u00e0 instaurer une relation de confiance mutuelle.<\/p>\n\n\n\n<p><strong>Un interlocuteur unique<\/strong> vous est d\u00e9di\u00e9. Ce <strong>r\u00e9f\u00e9rent est votre expert en mati\u00e8re de sant\u00e9 et de s\u00e9curit\u00e9 au travail<\/strong>. Ce sp\u00e9cialiste de la pr\u00e9vention des risques professionnels (IPRP), met ses comp\u00e9tences \u00e0 votre service d\u00e8s lors que vous le sollicitez. Et en particulier, pour certaines d\u00e9cisions \u00e0 prendre ou \u00e0 prioriser.<\/p>\n\n\n\n<p>Autonome et sur le terrain, il pilote les actions d\u00e9finies avec vous en vous impliquant \u00e0 bon escient dans votre r\u00f4le de d\u00e9cisionnaire. Ce qui vous permet de d\u00e9gager du temps. En toute transparence, il est possible qu\u2019il sollicite son r\u00e9seau d\u2019experts et de formateurs d\u00e8s que des comp\u00e9tences sp\u00e9cifiques sont n\u00e9cessaires \u00e0 vos besoins.<\/p>\n\n\n\n<figure class=\"wp-block-image size-large is-resized\"><img loading=\"lazy\" decoding=\"async\" src=\"https:\/\/preventer.fr\/wp-content\/uploads\/2023\/04\/demarche-de-travail-Preventer-1-1024x576.png\" alt=\"\" class=\"wp-image-2298\" width=\"1077\" height=\"605\" srcset=\"https:\/\/preventer.fr\/wp-content\/uploads\/2023\/04\/demarche-de-travail-Preventer-1-1024x576.png 1024w, https:\/\/preventer.fr\/wp-content\/uploads\/2023\/04\/demarche-de-travail-Preventer-1-600x338.png 600w, https:\/\/preventer.fr\/wp-content\/uploads\/2023\/04\/demarche-de-travail-Preventer-1-300x169.png 300w, https:\/\/preventer.fr\/wp-content\/uploads\/2023\/04\/demarche-de-travail-Preventer-1-768x432.png 768w, https:\/\/preventer.fr\/wp-content\/uploads\/2023\/04\/demarche-de-travail-Preventer-1-940x528.png 940w, https:\/\/preventer.fr\/wp-content\/uploads\/2023\/04\/demarche-de-travail-Preventer-1.png 1280w\" sizes=\"auto, (max-width: 1077px) 100vw, 1077px\" \/><\/figure>\n\n\n\n<p>Partant d\u2019un \u00e9tat des lieux permettant de faire un bilan de la situation de votre entreprise (bas\u00e9 sur \u00ab&nbsp;les&nbsp;7 cl\u00e9s de vigilance&nbsp;\u00bb), votre r\u00e9f\u00e9rent vous <strong>accompagne dans votre d\u00e9marche de pr\u00e9vention des risques <\/strong>avec un <strong>parcours personnalis\u00e9 sur plusieurs niveaux<\/strong> pour r\u00e9pondre \u00e0 vos objectifs.<\/p>\n\n\n\n<p>&gt;&gt;&gt; Cette 1<sup>\u00e8re<\/sup> consultation strat\u00e9gique est offerte sous conditions &lt;&lt;&lt;<\/p>\n\n\n\n<p>Apr\u00e8s cet \u00e9tat des lieux, votre r\u00e9f\u00e9rent proc\u00e8de de la mani\u00e8re suivante pour chaque niveau&nbsp;: &nbsp;<\/p>\n\n\n\n<ul class=\"wp-block-list\">\n<li>Un axe de priorit\u00e9s<\/li>\n\n\n\n<li>Une planification (court, moyen et long terme)<\/li>\n\n\n\n<li>Un suivi personnalis\u00e9<\/li>\n<\/ul>\n","protected":false},"excerpt":{"rendered":"<p>Notre fa\u00e7on de travailler&nbsp;: Une approche \u00e0 visage humain aupr\u00e8s du chef d\u2019entreprise ou de son mandataire, de mani\u00e8re \u00e0 instaurer une relation de confiance mutuelle. Un interlocuteur unique vous est d\u00e9di\u00e9. Ce r\u00e9f\u00e9rent est<span class=\"more-button\"><a href=\"https:\/\/preventer.fr\/index.php\/services\/\" class=\"more-link\">Lire la suite<span class=\"screen-reader-text\">Services<\/span><i class=\"fa fa-angle-right\" aria-hidden=\"true\"><\/i><\/a><\/span><\/p>\n","protected":false},"author":1,"featured_media":0,"parent":0,"menu_order":0,"comment_status":"closed","ping_status":"closed","template":"","meta":{"footnotes":""},"class_list":["post-1988","page","type-page","status-publish","hentry"],"jetpack_sharing_enabled":true,"_links":{"self":[{"href":"https:\/\/preventer.fr\/index.php\/wp-json\/wp\/v2\/pages\/1988","targetHints":{"allow":["GET"]}}],"collection":[{"href":"https:\/\/preventer.fr\/index.php\/wp-json\/wp\/v2\/pages"}],"about":[{"href":"https:\/\/preventer.fr\/index.php\/wp-json\/wp\/v2\/types\/page"}],"author":[{"embeddable":true,"href":"https:\/\/preventer.fr\/index.php\/wp-json\/wp\/v2\/users\/1"}],"replies":[{"embeddable":true,"href":"https:\/\/preventer.fr\/index.php\/wp-json\/wp\/v2\/comments?post=1988"}],"version-history":[{"count":6,"href":"https:\/\/preventer.fr\/index.php\/wp-json\/wp\/v2\/pages\/1988\/revisions"}],"predecessor-version":[{"id":2301,"href":"https:\/\/preventer.fr\/index.php\/wp-json\/wp\/v2\/pages\/1988\/revisions\/2301"}],"wp:attachment":[{"href":"https:\/\/preventer.fr\/index.php\/wp-json\/wp\/v2\/media?parent=1988"}],"curies":[{"name":"wp","href":"https:\/\/api.w.org\/{rel}","templated":true}]}}