{"id":2774,"date":"2025-04-27T20:33:16","date_gmt":"2025-04-27T18:33:16","guid":{"rendered":"https:\/\/preventer.fr\/?page_id=2774"},"modified":"2025-04-27T21:16:59","modified_gmt":"2025-04-27T19:16:59","slug":"of-nos-resultats","status":"publish","type":"page","link":"https:\/\/preventer.fr\/index.php\/of-nos-resultats\/","title":{"rendered":"OF &#8211; Nos r\u00e9sultats"},"content":{"rendered":"\n<p>Notre organisme de formation est engag\u00e9 dans l&rsquo;am\u00e9lioration continue et mesure la satisfaction de nos clients et de leurs stagiaires et suit le taux de r\u00e9ussite \u00e0 l&rsquo;ensemble des formations propos\u00e9es.<\/p>\n\n\n\n<p>Voici nos r\u00e9sultats : Nos r\u00e9sultats en mati\u00e8re de formation professionnelle<\/p>\n\n\n\n<h3 class=\"wp-block-heading\">TAUX DE SATISFACTION CLIENTS<\/h3>\n\n\n\n<p>97%<\/p>\n\n\n\n<h3 class=\"wp-block-heading\">TAUX DE R\u00c9USSITE STAGIAIRES<\/h3>\n\n\n\n<p>98%<\/p>\n\n\n\n<h3 class=\"wp-block-heading\">TAUX DE SATISFACTION STAGIAIRES<\/h3>\n\n\n\n<p>99%<\/p>\n\n\n\n<p>Et un historique des ann\u00e9es pr\u00e9c\u00e9dentes afin de mesurer la progression ou les axes de progr\u00e8s<\/p>\n\n\n\n<p><\/p>\n","protected":false},"excerpt":{"rendered":"<p>Notre organisme de formation est engag\u00e9 dans l&rsquo;am\u00e9lioration continue et mesure la satisfaction de nos clients et de leurs stagiaires et suit le taux de r\u00e9ussite \u00e0 l&rsquo;ensemble des formations propos\u00e9es. Voici nos r\u00e9sultats :<span class=\"more-button\"><a href=\"https:\/\/preventer.fr\/index.php\/of-nos-resultats\/\" class=\"more-link\">Lire la suite<span class=\"screen-reader-text\">OF &#8211; Nos r\u00e9sultats<\/span><i class=\"fa fa-angle-right\" aria-hidden=\"true\"><\/i><\/a><\/span><\/p>\n","protected":false},"author":1,"featured_media":0,"parent":0,"menu_order":0,"comment_status":"closed","ping_status":"closed","template":"","meta":{"footnotes":""},"class_list":["post-2774","page","type-page","status-publish","hentry"],"jetpack_sharing_enabled":true,"_links":{"self":[{"href":"https:\/\/preventer.fr\/index.php\/wp-json\/wp\/v2\/pages\/2774","targetHints":{"allow":["GET"]}}],"collection":[{"href":"https:\/\/preventer.fr\/index.php\/wp-json\/wp\/v2\/pages"}],"about":[{"href":"https:\/\/preventer.fr\/index.php\/wp-json\/wp\/v2\/types\/page"}],"author":[{"embeddable":true,"href":"https:\/\/preventer.fr\/index.php\/wp-json\/wp\/v2\/users\/1"}],"replies":[{"embeddable":true,"href":"https:\/\/preventer.fr\/index.php\/wp-json\/wp\/v2\/comments?post=2774"}],"version-history":[{"count":2,"href":"https:\/\/preventer.fr\/index.php\/wp-json\/wp\/v2\/pages\/2774\/revisions"}],"predecessor-version":[{"id":2802,"href":"https:\/\/preventer.fr\/index.php\/wp-json\/wp\/v2\/pages\/2774\/revisions\/2802"}],"wp:attachment":[{"href":"https:\/\/preventer.fr\/index.php\/wp-json\/wp\/v2\/media?parent=2774"}],"curies":[{"name":"wp","href":"https:\/\/api.w.org\/{rel}","templated":true}]}}