{"id":2781,"date":"2025-04-27T20:41:31","date_gmt":"2025-04-27T18:41:31","guid":{"rendered":"https:\/\/preventer.fr\/?page_id=2781"},"modified":"2025-04-27T21:16:14","modified_gmt":"2025-04-27T19:16:14","slug":"management-ehs-environnement-hygiene-securite","status":"publish","type":"page","link":"https:\/\/preventer.fr\/index.php\/management-ehs-environnement-hygiene-securite\/","title":{"rendered":"Management EHS (Environnement Hygi\u00e8ne S\u00e9curit\u00e9)"},"content":{"rendered":"\n<ul class=\"wp-block-list\">\n<li><a href=\"https:\/\/preventer.fr\/wp-content\/uploads\/2025\/04\/Elaborer-ou-mettre-a-jour-et-faire-vivre-son-document-unique.pdf\" target=\"_blank\" rel=\"noreferrer noopener\">Elaborer, mettre \u00e0 jour et faire vivre son document unique<\/a><\/li>\n\n\n\n<li><a href=\"https:\/\/preventer.fr\/wp-content\/uploads\/2025\/04\/Referent-securite-ou-salarie-competent-en-matiere-de-prevention-des-risques.pdf\" target=\"_blank\" rel=\"noreferrer noopener\">Formation du salari\u00e9 d\u00e9sign\u00e9 comp\u00e9tent en mati\u00e8re de Pr\u00e9vention des Risques Professionnels ou \u00ab\u00a0R\u00e9f\u00e9rent S\u00e9curit\u00e9\u00a0\u00bb<\/a><\/li>\n\n\n\n<li><a href=\"https:\/\/preventer.fr\/wp-content\/uploads\/2025\/04\/Programme-Integrer-la-securite-dans-le-quotidien-dun-manager-de-proximite.pdf\" target=\"_blank\" rel=\"noreferrer noopener\">Int\u00e9grer la s\u00e9curit\u00e9 dans le quotidien d\u2019un manager de proximit\u00e9<\/a><\/li>\n<\/ul>\n\n\n\n<p><\/p>\n","protected":false},"excerpt":{"rendered":"","protected":false},"author":1,"featured_media":0,"parent":0,"menu_order":0,"comment_status":"closed","ping_status":"closed","template":"","meta":{"footnotes":""},"class_list":["post-2781","page","type-page","status-publish","hentry"],"jetpack_sharing_enabled":true,"_links":{"self":[{"href":"https:\/\/preventer.fr\/index.php\/wp-json\/wp\/v2\/pages\/2781","targetHints":{"allow":["GET"]}}],"collection":[{"href":"https:\/\/preventer.fr\/index.php\/wp-json\/wp\/v2\/pages"}],"about":[{"href":"https:\/\/preventer.fr\/index.php\/wp-json\/wp\/v2\/types\/page"}],"author":[{"embeddable":true,"href":"https:\/\/preventer.fr\/index.php\/wp-json\/wp\/v2\/users\/1"}],"replies":[{"embeddable":true,"href":"https:\/\/preventer.fr\/index.php\/wp-json\/wp\/v2\/comments?post=2781"}],"version-history":[{"count":1,"href":"https:\/\/preventer.fr\/index.php\/wp-json\/wp\/v2\/pages\/2781\/revisions"}],"predecessor-version":[{"id":2782,"href":"https:\/\/preventer.fr\/index.php\/wp-json\/wp\/v2\/pages\/2781\/revisions\/2782"}],"wp:attachment":[{"href":"https:\/\/preventer.fr\/index.php\/wp-json\/wp\/v2\/media?parent=2781"}],"curies":[{"name":"wp","href":"https:\/\/api.w.org\/{rel}","templated":true}]}}