{"id":2803,"date":"2025-04-27T21:20:20","date_gmt":"2025-04-27T19:20:20","guid":{"rendered":"https:\/\/preventer.fr\/?page_id=2803"},"modified":"2025-04-27T21:30:19","modified_gmt":"2025-04-27T19:30:19","slug":"prevention-des-risques-professionnels","status":"publish","type":"page","link":"https:\/\/preventer.fr\/index.php\/prevention-des-risques-professionnels\/","title":{"rendered":"Pr\u00e9vention des risques professionnels"},"content":{"rendered":"\n<h5 class=\"wp-block-heading\"><strong>Pr\u00e9vention des risques li\u00e9s \u00e0 l\u2019activit\u00e9 physique et des TMS<\/strong><\/h5>\n\n\n\n<ul class=\"wp-block-list\">\n<li><a href=\"https:\/\/preventer.fr\/wp-content\/uploads\/2025\/04\/Prevention-des-risques-lies-a-lactivite-physique-et-des-TMS-Module-Gestes-Postures.pdf\" target=\"_blank\" rel=\"noreferrer noopener\">\u00ab\u00a0Module Gestes et Postures : techniques de manutention \u00bb<\/a><\/li>\n\n\n\n<li><a href=\"https:\/\/preventer.fr\/wp-content\/uploads\/2025\/04\/Prevention-des-risques-lies-a-lactivite-physique-et-des-TMS-Module-sport-sante.pdf\" target=\"_blank\" rel=\"noreferrer noopener\">\u00ab Module sport sant\u00e9 \u00bb<\/a><\/li>\n<\/ul>\n\n\n\n<h5 class=\"wp-block-heading\"><strong><br>Pr\u00e9vention de risques sp\u00e9cifiques<\/strong>&nbsp;<strong>(Action de sensibilisation)<\/strong><\/h5>\n\n\n\n<ul class=\"wp-block-list\">\n<li><a href=\"https:\/\/preventer.fr\/wp-content\/uploads\/2025\/04\/Risque-chimique-niveau-0-sensibilisation.pdf\" target=\"_blank\" rel=\"noreferrer noopener\">risque chimique<\/a>,<\/li>\n\n\n\n<li><a href=\"https:\/\/preventer.fr\/wp-content\/uploads\/2025\/04\/Sensibilisation-aux-risques-lies-aux-Bruit-Vibration.pdf\" target=\"_blank\" rel=\"noreferrer noopener\">bruit\/vibrations<\/a>,<\/li>\n\n\n\n<li><a href=\"https:\/\/preventer.fr\/wp-content\/uploads\/2025\/04\/Programme-Sensibilisation-au-port-des-EPI.pdf\" target=\"_blank\" rel=\"noreferrer noopener\">port des EPI<\/a>,<\/li>\n\n\n\n<li><a href=\"https:\/\/preventer.fr\/wp-content\/uploads\/2025\/04\/Sensibilisation-sur-les-risques-lies-aux-interventions-des-entreprises-exterieures.pdf\" target=\"_blank\" rel=\"noreferrer noopener\">risques li\u00e9s aux entreprises ext\u00e9rieures<\/a><\/li>\n\n\n\n<li>&#8230;<\/li>\n<\/ul>\n","protected":false},"excerpt":{"rendered":"<p>Pr\u00e9vention des risques li\u00e9s \u00e0 l\u2019activit\u00e9 physique et des TMS Pr\u00e9vention de risques sp\u00e9cifiques&nbsp;(Action de sensibilisation)<\/p>\n","protected":false},"author":1,"featured_media":0,"parent":0,"menu_order":0,"comment_status":"closed","ping_status":"closed","template":"","meta":{"footnotes":""},"class_list":["post-2803","page","type-page","status-publish","hentry"],"jetpack_sharing_enabled":true,"_links":{"self":[{"href":"https:\/\/preventer.fr\/index.php\/wp-json\/wp\/v2\/pages\/2803","targetHints":{"allow":["GET"]}}],"collection":[{"href":"https:\/\/preventer.fr\/index.php\/wp-json\/wp\/v2\/pages"}],"about":[{"href":"https:\/\/preventer.fr\/index.php\/wp-json\/wp\/v2\/types\/page"}],"author":[{"embeddable":true,"href":"https:\/\/preventer.fr\/index.php\/wp-json\/wp\/v2\/users\/1"}],"replies":[{"embeddable":true,"href":"https:\/\/preventer.fr\/index.php\/wp-json\/wp\/v2\/comments?post=2803"}],"version-history":[{"count":3,"href":"https:\/\/preventer.fr\/index.php\/wp-json\/wp\/v2\/pages\/2803\/revisions"}],"predecessor-version":[{"id":2809,"href":"https:\/\/preventer.fr\/index.php\/wp-json\/wp\/v2\/pages\/2803\/revisions\/2809"}],"wp:attachment":[{"href":"https:\/\/preventer.fr\/index.php\/wp-json\/wp\/v2\/media?parent=2803"}],"curies":[{"name":"wp","href":"https:\/\/api.w.org\/{rel}","templated":true}]}}