{"id":2818,"date":"2025-04-27T21:34:24","date_gmt":"2025-04-27T19:34:24","guid":{"rendered":"https:\/\/preventer.fr\/?page_id=2818"},"modified":"2025-04-27T21:41:05","modified_gmt":"2025-04-27T19:41:05","slug":"cse-cssct","status":"publish","type":"page","link":"https:\/\/preventer.fr\/index.php\/cse-cssct\/","title":{"rendered":"CSE &#8211; CSSCT"},"content":{"rendered":"\n<h5 class=\"wp-block-heading\"><strong>Formation des membres du CSE ou de la CSSCT (volet SSCT)<\/strong><\/h5>\n\n\n\n<p><a href=\"https:\/\/preventer.fr\/wp-content\/uploads\/2025\/04\/Formation-du-CSE-ou-CSSCT-volet-SSCT.pdf\" target=\"_blank\" rel=\"noreferrer noopener\">Formation des membres du Comit\u00e9 Social &amp; Economique ou de la commission Sant\u00e9 S\u00e9curit\u00e9 Conditions de Travail (CSSCT) &#8211; volet Sant\u00e9 S\u00e9curit\u00e9 et Conditions de travail (SSCT)<\/a><\/p>\n\n\n\n<ul class=\"wp-block-list\">\n<li>Initiale (5 jours) : de 11 \u00e0 300 et &gt; 300 salari\u00e9s<\/li>\n\n\n\n<li>Recyclage : 11 \u00e0 300 (3j) et &gt; 300 salari\u00e9s(5j)<\/li>\n<\/ul>\n\n\n\n<p><\/p>\n\n\n\n<p>T\u00e9moignages stagiaires : <\/p>\n\n\n\n<p><\/p>\n","protected":false},"excerpt":{"rendered":"<p>Formation des membres du CSE ou de la CSSCT (volet SSCT) Formation des membres du Comit\u00e9 Social &amp; Economique ou de la commission Sant\u00e9 S\u00e9curit\u00e9 Conditions de Travail (CSSCT) &#8211; volet Sant\u00e9 S\u00e9curit\u00e9 et Conditions<span class=\"more-button\"><a href=\"https:\/\/preventer.fr\/index.php\/cse-cssct\/\" class=\"more-link\">Lire la suite<span class=\"screen-reader-text\">CSE &#8211; CSSCT<\/span><i class=\"fa fa-angle-right\" aria-hidden=\"true\"><\/i><\/a><\/span><\/p>\n","protected":false},"author":1,"featured_media":0,"parent":0,"menu_order":0,"comment_status":"open","ping_status":"closed","template":"","meta":{"footnotes":""},"class_list":["post-2818","page","type-page","status-publish","hentry"],"jetpack_sharing_enabled":true,"_links":{"self":[{"href":"https:\/\/preventer.fr\/index.php\/wp-json\/wp\/v2\/pages\/2818","targetHints":{"allow":["GET"]}}],"collection":[{"href":"https:\/\/preventer.fr\/index.php\/wp-json\/wp\/v2\/pages"}],"about":[{"href":"https:\/\/preventer.fr\/index.php\/wp-json\/wp\/v2\/types\/page"}],"author":[{"embeddable":true,"href":"https:\/\/preventer.fr\/index.php\/wp-json\/wp\/v2\/users\/1"}],"replies":[{"embeddable":true,"href":"https:\/\/preventer.fr\/index.php\/wp-json\/wp\/v2\/comments?post=2818"}],"version-history":[{"count":2,"href":"https:\/\/preventer.fr\/index.php\/wp-json\/wp\/v2\/pages\/2818\/revisions"}],"predecessor-version":[{"id":2825,"href":"https:\/\/preventer.fr\/index.php\/wp-json\/wp\/v2\/pages\/2818\/revisions\/2825"}],"wp:attachment":[{"href":"https:\/\/preventer.fr\/index.php\/wp-json\/wp\/v2\/media?parent=2818"}],"curies":[{"name":"wp","href":"https:\/\/api.w.org\/{rel}","templated":true}]}}