{"id":763,"date":"2020-04-04T22:54:42","date_gmt":"2020-04-04T20:54:42","guid":{"rendered":"http:\/\/preventer.fr\/?page_id=763"},"modified":"2022-04-10T10:07:19","modified_gmt":"2022-04-10T08:07:19","slug":"nos-competences","status":"publish","type":"page","link":"https:\/\/preventer.fr\/index.php\/nos-competences\/","title":{"rendered":"Nos Comp\u00e9tences"},"content":{"rendered":"\n<h3 class=\"has-vivid-purple-color has-text-color wp-block-heading\">&lt; Ce que nous faisons &gt;<\/h3>\n\n\n\n<p>Confiez-vous \u00e0 un professionnel qualifi\u00e9. La garantie d\u2019une tranquillit\u00e9 concernant vos obligations et responsabilit\u00e9s d\u2019un point de vue juridique et social en mati\u00e8re de sant\u00e9 s\u00e9curit\u00e9 et de pr\u00e9vention des risques.<\/p>\n\n\n\n<p>Partant d\u2019un \u00e9tat des lieux, permettant de faire un bilan de la situation de votre entreprise et de comprendre rapidement vos besoins et objectifs, nous vous <strong>accompagnons de A \u00e0 Z dans votre d\u00e9marche de pr\u00e9vention des risques <\/strong>avec un <strong>parcours personnalis\u00e9 sur plusieurs niveaux<\/strong>. <\/p>\n\n\n\n<p class=\"has-luminous-vivid-orange-color has-text-color\"><strong>&gt;&gt;&gt;&gt; Cette 1<sup>\u00e8re<\/sup> consultation strat\u00e9gique est offerte &lt;&lt;&lt;&lt;<\/strong><\/p>\n\n\n\n<p>Retrouvez nos 3 niveaux de comp\u00e9tences : <\/p>\n\n\n\n<ul class=\"wp-block-list\"><li><strong><a href=\"https:\/\/preventer.fr\/index.php\/evaluations-audit\/?customize_changeset_uuid=d4f959a8-4a8b-406d-af2a-bffcccdde279&amp;customize_autosaved=on&amp;customize_messenger_channel=preview-17\">Niveau 1 : Evaluations\/Audits<\/a><\/strong><a href=\"https:\/\/preventer.fr\/index.php\/evaluations-audit\/?customize_changeset_uuid=d4f959a8-4a8b-406d-af2a-bffcccdde279&amp;customize_autosaved=on&amp;customize_messenger_channel=preview-17\"><\/a><\/li><\/ul>\n\n\n\n<ul class=\"wp-block-list\"><li><strong><a href=\"https:\/\/preventer.fr\/index.php\/accompagnements\/?customize_changeset_uuid=d4f959a8-4a8b-406d-af2a-bffcccdde279&amp;customize_autosaved=on&amp;customize_messenger_channel=preview-17\" target=\"_blank\" rel=\"noreferrer noopener\">Niveau 2 : Accompagnements et Externalisation<\/a><\/strong><\/li><\/ul>\n\n\n\n<ul class=\"wp-block-list\"><li><strong><a href=\"https:\/\/preventer.fr\/index.php\/formations\/?customize_changeset_uuid=d4f959a8-4a8b-406d-af2a-bffcccdde279&amp;customize_autosaved=on&amp;customize_messenger_channel=preview-17\" target=\"_blank\" rel=\"noreferrer noopener\">Niveau 3 : Formations<\/a><\/strong><\/li><\/ul>\n\n\n\n<p><\/p>\n\n\n\n<p><strong>A chaque niveau, vous b\u00e9n\u00e9ficiez des conseils et pr\u00e9conisations d\u2019un expert.<\/strong> <\/p>\n\n\n\n<p>Nous vous aidons \u00e0 d\u00e9finir, planifier et organiser des actions curatives, correctives et pr\u00e9ventives. <\/p>\n\n\n\n<p>Nous proc\u00e9dons de la mani\u00e8re suivante&nbsp;: &nbsp;<\/p>\n\n\n\n<ol class=\"wp-block-list\"><li>Un axe de priorit\u00e9s (top 5 ou top 10)<\/li><li>Une planification (court, moyen et long terme)<\/li><li>Un suivi personnalis\u00e9 par un de nos experts<\/li><\/ol>\n\n\n\n<p><\/p>\n\n\n\n<p>Travailler avec nous c\u2019est aussi b\u00e9n\u00e9ficier d\u2019un r\u00e9seau d\u2019experts et de formateurs pouvant r\u00e9pondre aux probl\u00e9matiques sp\u00e9cifiques que vous rencontrez<\/p>\n\n\n\n<h3 class=\"has-vivid-cyan-blue-color has-text-color wp-block-heading\">&lt; Notre parcours d&rsquo;accompagnement &gt;<\/h3>\n\n\n\n<figure class=\"wp-block-image size-large is-resized\"><img loading=\"lazy\" decoding=\"async\" src=\"https:\/\/preventer.fr\/wp-content\/uploads\/2020\/04\/conseil-2.png\" alt=\"\" class=\"wp-image-891\" width=\"1343\" height=\"888\" srcset=\"https:\/\/preventer.fr\/wp-content\/uploads\/2020\/04\/conseil-2.png 646w, https:\/\/preventer.fr\/wp-content\/uploads\/2020\/04\/conseil-2-600x397.png 600w, https:\/\/preventer.fr\/wp-content\/uploads\/2020\/04\/conseil-2-300x198.png 300w, https:\/\/preventer.fr\/wp-content\/uploads\/2020\/04\/conseil-2-91x60.png 91w\" sizes=\"auto, (max-width: 1343px) 100vw, 1343px\" \/><\/figure>\n","protected":false},"excerpt":{"rendered":"<p>&lt; Ce que nous faisons &gt; Confiez-vous \u00e0 un professionnel qualifi\u00e9. La garantie d\u2019une tranquillit\u00e9 concernant vos obligations et responsabilit\u00e9s d\u2019un point de vue juridique et social en mati\u00e8re de sant\u00e9 s\u00e9curit\u00e9 et de pr\u00e9vention<span class=\"more-button\"><a href=\"https:\/\/preventer.fr\/index.php\/nos-competences\/\" class=\"more-link\">Lire la suite<span class=\"screen-reader-text\">Nos Comp\u00e9tences<\/span><i class=\"fa fa-angle-right\" aria-hidden=\"true\"><\/i><\/a><\/span><\/p>\n","protected":false},"author":1,"featured_media":0,"parent":0,"menu_order":0,"comment_status":"closed","ping_status":"closed","template":"","meta":{"footnotes":""},"class_list":["post-763","page","type-page","status-publish","hentry"],"jetpack_sharing_enabled":true,"_links":{"self":[{"href":"https:\/\/preventer.fr\/index.php\/wp-json\/wp\/v2\/pages\/763","targetHints":{"allow":["GET"]}}],"collection":[{"href":"https:\/\/preventer.fr\/index.php\/wp-json\/wp\/v2\/pages"}],"about":[{"href":"https:\/\/preventer.fr\/index.php\/wp-json\/wp\/v2\/types\/page"}],"author":[{"embeddable":true,"href":"https:\/\/preventer.fr\/index.php\/wp-json\/wp\/v2\/users\/1"}],"replies":[{"embeddable":true,"href":"https:\/\/preventer.fr\/index.php\/wp-json\/wp\/v2\/comments?post=763"}],"version-history":[{"count":25,"href":"https:\/\/preventer.fr\/index.php\/wp-json\/wp\/v2\/pages\/763\/revisions"}],"predecessor-version":[{"id":1900,"href":"https:\/\/preventer.fr\/index.php\/wp-json\/wp\/v2\/pages\/763\/revisions\/1900"}],"wp:attachment":[{"href":"https:\/\/preventer.fr\/index.php\/wp-json\/wp\/v2\/media?parent=763"}],"curies":[{"name":"wp","href":"https:\/\/api.w.org\/{rel}","templated":true}]}}