{"id":768,"date":"2020-04-04T22:56:24","date_gmt":"2020-04-04T20:56:24","guid":{"rendered":"http:\/\/preventer.fr\/?page_id=768"},"modified":"2025-04-27T21:48:46","modified_gmt":"2025-04-27T19:48:46","slug":"formations","status":"publish","type":"page","link":"https:\/\/preventer.fr\/index.php\/formations\/","title":{"rendered":"Formations"},"content":{"rendered":"\n<p>La plupart de nos formations concernent des sujets sp\u00e9cifiques tels que la s\u00e9curit\u00e9, la d\u00e9marche environnementale, des notions de qualit\u00e9 de vie au travail et les conditions de travail. Nous formons tous les acteurs d&rsquo;une entreprise, de la direction, en passant par les managers interm\u00e9diaires, les instances repr\u00e9sentatives du personnel et pour finir l&rsquo;ensemble des collaborateurs.<\/p>\n\n\n\n<p>Chez Preventer, nous estimons que la formation est une \u00e9tape essentielle dans la vie d&rsquo;un individu (au travail comme en dehors) et qu&rsquo;il convient de la maintenir tout au long de sa vie.<\/p>\n","protected":false},"excerpt":{"rendered":"<p>La plupart de nos formations concernent des sujets sp\u00e9cifiques tels que la s\u00e9curit\u00e9, la d\u00e9marche environnementale, des notions de qualit\u00e9 de vie au travail et les conditions de travail. Nous formons tous les acteurs d&rsquo;une<span class=\"more-button\"><a href=\"https:\/\/preventer.fr\/index.php\/formations\/\" class=\"more-link\">Lire la suite<span class=\"screen-reader-text\">Formations<\/span><i class=\"fa fa-angle-right\" aria-hidden=\"true\"><\/i><\/a><\/span><\/p>\n","protected":false},"author":1,"featured_media":355,"parent":0,"menu_order":0,"comment_status":"closed","ping_status":"closed","template":"","meta":{"footnotes":""},"class_list":["post-768","page","type-page","status-publish","has-post-thumbnail","hentry"],"jetpack_sharing_enabled":true,"_links":{"self":[{"href":"https:\/\/preventer.fr\/index.php\/wp-json\/wp\/v2\/pages\/768","targetHints":{"allow":["GET"]}}],"collection":[{"href":"https:\/\/preventer.fr\/index.php\/wp-json\/wp\/v2\/pages"}],"about":[{"href":"https:\/\/preventer.fr\/index.php\/wp-json\/wp\/v2\/types\/page"}],"author":[{"embeddable":true,"href":"https:\/\/preventer.fr\/index.php\/wp-json\/wp\/v2\/users\/1"}],"replies":[{"embeddable":true,"href":"https:\/\/preventer.fr\/index.php\/wp-json\/wp\/v2\/comments?post=768"}],"version-history":[{"count":31,"href":"https:\/\/preventer.fr\/index.php\/wp-json\/wp\/v2\/pages\/768\/revisions"}],"predecessor-version":[{"id":2830,"href":"https:\/\/preventer.fr\/index.php\/wp-json\/wp\/v2\/pages\/768\/revisions\/2830"}],"wp:featuredmedia":[{"embeddable":true,"href":"https:\/\/preventer.fr\/index.php\/wp-json\/wp\/v2\/media\/355"}],"wp:attachment":[{"href":"https:\/\/preventer.fr\/index.php\/wp-json\/wp\/v2\/media?parent=768"}],"curies":[{"name":"wp","href":"https:\/\/api.w.org\/{rel}","templated":true}]}}