{"id":943,"date":"2020-04-11T11:27:14","date_gmt":"2020-04-11T09:27:14","guid":{"rendered":"http:\/\/preventer.fr\/?page_id=943"},"modified":"2020-04-29T21:54:49","modified_gmt":"2020-04-29T19:54:49","slug":"strategie-de-developpement-digital","status":"publish","type":"page","link":"https:\/\/preventer.fr\/index.php\/strategie-de-developpement-digital\/","title":{"rendered":"Strat\u00e9gie de d\u00e9veloppement digital"},"content":{"rendered":"\n<p>Soucieux de nous adapter \u00e0 toutes les situations et les besoins de nos clients, nous travaillons actuellement sur des offres de formations en e-learning et plus g\u00e9n\u00e9ralement des solutions digitales adapt\u00e9es aux objectifs p\u00e9dagogiques de nos formations<\/p>\n\n\n\n<p>A venir prochainement le d\u00e9tail de nos formations <\/p>\n\n\n\n<p>e-learning<\/p>\n\n\n\n<figure class=\"wp-block-image size-large\"><img loading=\"lazy\" decoding=\"async\" width=\"299\" height=\"193\" src=\"https:\/\/preventer.fr\/wp-content\/uploads\/2020\/04\/formation-e-learning.jpg\" alt=\"\" class=\"wp-image-1095\" srcset=\"https:\/\/preventer.fr\/wp-content\/uploads\/2020\/04\/formation-e-learning.jpg 299w, https:\/\/preventer.fr\/wp-content\/uploads\/2020\/04\/formation-e-learning-93x60.jpg 93w\" sizes=\"auto, (max-width: 299px) 100vw, 299px\" \/><\/figure>\n\n\n\n<p> et <\/p>\n\n\n\n<p>autres solutions digitales<\/p>\n\n\n\n<figure class=\"wp-block-image size-large\"><img loading=\"lazy\" decoding=\"async\" width=\"332\" height=\"152\" src=\"https:\/\/preventer.fr\/wp-content\/uploads\/2020\/04\/notre-m\u00e9tier.jpg\" alt=\"\" class=\"wp-image-1097\" srcset=\"https:\/\/preventer.fr\/wp-content\/uploads\/2020\/04\/notre-m\u00e9tier.jpg 332w, https:\/\/preventer.fr\/wp-content\/uploads\/2020\/04\/notre-m\u00e9tier-300x137.jpg 300w, https:\/\/preventer.fr\/wp-content\/uploads\/2020\/04\/notre-m\u00e9tier-330x152.jpg 330w, https:\/\/preventer.fr\/wp-content\/uploads\/2020\/04\/notre-m\u00e9tier-131x60.jpg 131w\" sizes=\"auto, (max-width: 332px) 100vw, 332px\" \/><\/figure>\n","protected":false},"excerpt":{"rendered":"<p>Soucieux de nous adapter \u00e0 toutes les situations et les besoins de nos clients, nous travaillons actuellement sur des offres de formations en e-learning et plus g\u00e9n\u00e9ralement des solutions digitales adapt\u00e9es aux objectifs p\u00e9dagogiques de<span class=\"more-button\"><a href=\"https:\/\/preventer.fr\/index.php\/strategie-de-developpement-digital\/\" class=\"more-link\">Lire la suite<span class=\"screen-reader-text\">Strat\u00e9gie de d\u00e9veloppement digital<\/span><i class=\"fa fa-angle-right\" aria-hidden=\"true\"><\/i><\/a><\/span><\/p>\n","protected":false},"author":1,"featured_media":0,"parent":0,"menu_order":0,"comment_status":"closed","ping_status":"closed","template":"","meta":{"footnotes":""},"class_list":["post-943","page","type-page","status-publish","hentry"],"jetpack_sharing_enabled":true,"_links":{"self":[{"href":"https:\/\/preventer.fr\/index.php\/wp-json\/wp\/v2\/pages\/943","targetHints":{"allow":["GET"]}}],"collection":[{"href":"https:\/\/preventer.fr\/index.php\/wp-json\/wp\/v2\/pages"}],"about":[{"href":"https:\/\/preventer.fr\/index.php\/wp-json\/wp\/v2\/types\/page"}],"author":[{"embeddable":true,"href":"https:\/\/preventer.fr\/index.php\/wp-json\/wp\/v2\/users\/1"}],"replies":[{"embeddable":true,"href":"https:\/\/preventer.fr\/index.php\/wp-json\/wp\/v2\/comments?post=943"}],"version-history":[{"count":3,"href":"https:\/\/preventer.fr\/index.php\/wp-json\/wp\/v2\/pages\/943\/revisions"}],"predecessor-version":[{"id":1098,"href":"https:\/\/preventer.fr\/index.php\/wp-json\/wp\/v2\/pages\/943\/revisions\/1098"}],"wp:attachment":[{"href":"https:\/\/preventer.fr\/index.php\/wp-json\/wp\/v2\/media?parent=943"}],"curies":[{"name":"wp","href":"https:\/\/api.w.org\/{rel}","templated":true}]}}